{"id":1922,"date":"2026-01-28T18:05:19","date_gmt":"2026-01-28T18:05:19","guid":{"rendered":"https:\/\/unisa.vitalknowledge.com.br\/lp\/?page_id=1922"},"modified":"2026-01-30T13:28:11","modified_gmt":"2026-01-30T13:28:11","slug":"webinar-carreira-em-oncologia","status":"publish","type":"page","link":"https:\/\/unisa.vitalknowledge.com.br\/lp\/webinar-carreira-em-oncologia\/","title":{"rendered":"Webinar Carreira em Oncologia"},"content":{"rendered":"\t\t<div data-elementor-type=\"wp-page\" data-elementor-id=\"1922\" class=\"elementor elementor-1922\">\n\t\t\t\t<div class=\"elementor-element elementor-element-18ab4c8 e-flex e-con-boxed e-con e-parent\" data-id=\"18ab4c8\" data-element_type=\"container\" data-e-type=\"container\" data-settings=\"{&quot;background_background&quot;:&quot;classic&quot;}\">\n\t\t\t\t\t<div class=\"e-con-inner\">\n\t\t\t\t<div class=\"elementor-element elementor-element-4fa2122 elementor-mobile-align-center elementor-widget elementor-widget-button\" data-id=\"4fa2122\" data-element_type=\"widget\" data-e-type=\"widget\" data-widget_type=\"button.default\">\n\t\t\t\t\t\t\t\t\t\t<a class=\"elementor-button elementor-size-sm\" role=\"button\">\n\t\t\t\t\t\t<span class=\"elementor-button-content-wrapper\">\n\t\t\t\t\t\t<span class=\"elementor-button-icon\">\n\t\t\t\t<svg aria-hidden=\"true\" class=\"e-font-icon-svg e-fas-circle\" viewBox=\"0 0 512 512\" xmlns=\"http:\/\/www.w3.org\/2000\/svg\"><path d=\"M256 8C119 8 8 119 8 256s111 248 248 248 248-111 248-248S393 8 256 8z\"><\/path><\/svg>\t\t\t<\/span>\n\t\t\t\t\t\t\t\t\t<span class=\"elementor-button-text\">Inscri\u00e7\u00f5es abertas<\/span>\n\t\t\t\t\t<\/span>\n\t\t\t\t\t<\/a>\n\t\t\t\t\t\t\t\t<\/div>\n\t\t\t\t<div class=\"elementor-element elementor-element-225f6e3 elementor-widget elementor-widget-heading\" data-id=\"225f6e3\" data-element_type=\"widget\" data-e-type=\"widget\" data-widget_type=\"heading.default\">\n\t\t\t\t\t<h2 class=\"elementor-heading-title elementor-size-default\">Carreira em Oncologia:  <span style=\"color: #9FC422\">  Reflex\u00f5es sobre valores e perspectivas<\/h2>\t\t\t\t<\/div>\n\t\t\t\t<div class=\"elementor-element elementor-element-1449c6f elementor-widget elementor-widget-heading\" data-id=\"1449c6f\" data-element_type=\"widget\" data-e-type=\"widget\" data-widget_type=\"heading.default\">\n\t\t\t\t\t<h2 class=\"elementor-heading-title elementor-size-default\">Dia:  <span style=\"color: #9FC422\">  05\/02 <\/span> as <span style=\"color: #9FC422\">18:30<\/span><\/h2>\t\t\t\t<\/div>\n\t\t\t\t\t<\/div>\n\t\t\t\t<\/div>\n\t\t<div class=\"elementor-element elementor-element-ee854f0 e-flex e-con-boxed e-con e-parent\" data-id=\"ee854f0\" data-element_type=\"container\" data-e-type=\"container\">\n\t\t\t\t\t<div class=\"e-con-inner\">\n\t\t<div class=\"elementor-element elementor-element-9ca8c11 e-con-full e-flex e-con e-child\" data-id=\"9ca8c11\" data-element_type=\"container\" data-e-type=\"container\">\n\t\t\t\t<div class=\"elementor-element elementor-element-e8a86f9 elementor-widget elementor-widget-heading\" data-id=\"e8a86f9\" data-element_type=\"widget\" data-e-type=\"widget\" data-widget_type=\"heading.default\">\n\t\t\t\t\t<h2 class=\"elementor-heading-title elementor-size-default\">Reflex\u00f5es para Profissionais da Sa\u00fade que Desejam se Especializar em Oncologia<\/h2>\t\t\t\t<\/div>\n\t\t\t\t<div class=\"elementor-element elementor-element-5476121 elementor-widget elementor-widget-heading\" data-id=\"5476121\" data-element_type=\"widget\" data-e-type=\"widget\" data-widget_type=\"heading.default\">\n\t\t\t\t\t<h2 class=\"elementor-heading-title elementor-size-default\">\u201cVoc\u00ea j\u00e1 parou para pensar se a sua carreira hoje expressa, de fato, aquilo que voc\u00ea acredita como profissional de sa\u00fade?\u201d<\/h2>\t\t\t\t<\/div>\n\t\t\t\t<div class=\"elementor-element elementor-element-4ad5a77 elementor-widget elementor-widget-heading\" data-id=\"4ad5a77\" data-element_type=\"widget\" data-e-type=\"widget\" data-widget_type=\"heading.default\">\n\t\t\t\t\t<h2 class=\"elementor-heading-title elementor-size-default\">\u201cCuidar de pessoas em momentos cr\u00edticos da vida exige apenas t\u00e9cnica\u2026 ou exige tamb\u00e9m valores, preparo emocional e prop\u00f3sito?\u201d<\/h2>\t\t\t\t<\/div>\n\t\t\t\t<div class=\"elementor-element elementor-element-a26beaa elementor-widget elementor-widget-heading\" data-id=\"a26beaa\" data-element_type=\"widget\" data-e-type=\"widget\" data-widget_type=\"heading.default\">\n\t\t\t\t\t<h2 class=\"elementor-heading-title elementor-size-default\">Uma Carreira em Oncologia pode ser uma escolha \u00e9tica, humana e profissional e que de quebra pode ser um caminho de diferencia\u00e7\u00e3o financeira.<\/h2>\t\t\t\t<\/div>\n\t\t\t\t<div class=\"elementor-element elementor-element-947846e elementor-widget elementor-widget-heading\" data-id=\"947846e\" data-element_type=\"widget\" data-e-type=\"widget\" data-widget_type=\"heading.default\">\n\t\t\t\t\t<h2 class=\"elementor-heading-title elementor-size-default\">Se inscreva e participe do <span style=\"color: #9FC422\">  WEBINAR GRATUITO <\/span> onde vou te apresentar sobre cada um destes aspectos desta incr\u00edvel carreira em oncologia.<\/h2>\t\t\t\t<\/div>\n\t\t\t\t<\/div>\n\t\t<div class=\"elementor-element elementor-element-b289858 e-flex e-con-boxed e-con e-child\" data-id=\"b289858\" data-element_type=\"container\" data-e-type=\"container\" data-settings=\"{&quot;background_background&quot;:&quot;classic&quot;}\">\n\t\t\t\t\t<div class=\"e-con-inner\">\n\t\t<div class=\"elementor-element elementor-element-d5e9e0f e-con-full e-flex e-con e-child\" data-id=\"d5e9e0f\" data-element_type=\"container\" data-e-type=\"container\" data-settings=\"{&quot;background_background&quot;:&quot;classic&quot;}\">\n\t\t\t\t<div class=\"elementor-element elementor-element-9a1fa55 elementor-widget elementor-widget-menu-anchor\" data-id=\"9a1fa55\" data-element_type=\"widget\" data-e-type=\"widget\" data-widget_type=\"menu-anchor.default\">\n\t\t\t\t\t\t\t<div class=\"elementor-menu-anchor\" id=\"inscrever\"><\/div>\n\t\t\t\t\t\t<\/div>\n\t\t\t\t<div class=\"elementor-element elementor-element-5c25977 elementor-widget elementor-widget-heading\" data-id=\"5c25977\" data-element_type=\"widget\" data-e-type=\"widget\" data-widget_type=\"heading.default\">\n\t\t\t\t\t<h2 class=\"elementor-heading-title elementor-size-default\">Se inscreva agora!<\/h2>\t\t\t\t<\/div>\n\t\t\t\t<div class=\"elementor-element elementor-element-37b3774 elementor-widget elementor-widget-heading\" data-id=\"37b3774\" data-element_type=\"widget\" data-e-type=\"widget\" data-widget_type=\"heading.default\">\n\t\t\t\t\t<h2 class=\"elementor-heading-title elementor-size-default\">Preencha o formul\u00e1rio abaixo<\/h2>\t\t\t\t<\/div>\n\t\t\t\t<div class=\"elementor-element elementor-element-aaaa2ba elementor-widget elementor-widget-html\" data-id=\"aaaa2ba\" data-element_type=\"widget\" data-e-type=\"widget\" data-widget_type=\"html.default\">\n\t\t\t\t\t<link href=\"\/\/fonts.googleapis.com\/css?family=Roboto:400,300,500,700,900\" rel=\"stylesheet\" type=\"text\/css\" \/>\r\n<link rel=\"stylesheet\" href=\"\/\/paginas.rocks\/Content\/capture\/forms\/form001.css\" \/>\r\n\r\n<!-- Formul\u00e1rio -->\r\n<form id=\"llCaptureForm\" class=\"llform001\"  action=\"\/\/paginas.rocks\/capture\" method=\"post\">\r\n   <input type=\"hidden\" id=\"mid\" name=\"mid\" value=\"772401\" \/>\r\n   <input type=\"hidden\" id=\"fid\" name=\"fid\" value=\"76188\" \/>\r\n   <input type=\"hidden\" id=\"formType\" name=\"formType\" value=\"dynamic\" \/>\r\n   <div>\r\n       <label  for=\"llfield60296\">E-mail<\/label>\r\n       <input type=\"email\" id=\"llfield60296\" name=\"llfield60296\" placeholder=\"Digite seu melhor e-mail\" data-required=\"true\" \/>\r\n       <div class=\"field-error\" id=\"llerror60296\"><\/div>\r\n   <\/div>\r\n   <div>\r\n       <label  for=\"llfield60297\">Nome<\/label>\r\n       <input type=\"text\" id=\"llfield60297\" name=\"llfield60297\" placeholder=\"Nome Completo\" data-required=\"true\" \/>\r\n       <div class=\"field-error\" id=\"llerror60297\"><\/div>\r\n   <\/div>\r\n   <div>\r\n       <input type=\"hidden\" id=\"usePhoneMask\" \/>\r\n       <input type=\"hidden\" data-maskWithDDI=\"true\" \/>\r\n       <label  for=\"llfield60298\">Celular com DDD<\/label>\r\n       <input type=\"tel\" id=\"llfield60298\" name=\"llfield60298\" placeholder=\"Celular com DDD\" \/>\r\n       <div class=\"field-error\" id=\"llerror60298\"><\/div>\r\n   <\/div>\r\n   <div>\r\n       <label  for=\"llfield113130\">Area de Forma\u00e7\u00e3o<\/label>\r\n       <select id=\"llfield113130\" name=\"llfield113130\">\r\n           <option value=\"\">Area de Forma\u00e7\u00e3o<\/option>\r\n           <option value=\"Administra\u00e7\u00e3o Hospitalar\">Administra\u00e7\u00e3o Hospitalar<\/option>\r\n           <option value=\"Educa\u00e7\u00e3o\">Educa\u00e7\u00e3o<\/option>\r\n           <option value=\"Educa\u00e7\u00e3o F\u00edsica\">Educa\u00e7\u00e3o F\u00edsica<\/option>\r\n           <option value=\"Farmacologia\">Farmacologia<\/option>\r\n           <option value=\"Medicina Veterin\u00e1ria\">Medicina Veterin\u00e1ria<\/option>\r\n           <option value=\"Morfologia\">Morfologia<\/option>\r\n           <option value=\"Nutri\u00e7\u00e3o\">Nutri\u00e7\u00e3o<\/option>\r\n           <option value=\"Odontologia\">Odontologia<\/option>\r\n           <option value=\"Fisioterapia e Terapia Ocupacional\">Fisioterapia e Terapia Ocupacional<\/option>\r\n           <option value=\"Matem\u00e1tica\">Matem\u00e1tica<\/option>\r\n           <option value=\"Sa\u00fade Coletiva\">Sa\u00fade Coletiva<\/option>\r\n           <option value=\"Servi\u00e7o Social\">Servi\u00e7o Social<\/option>\r\n           <option value=\"Medicina\">Medicina<\/option>\r\n           <option value=\"Fonoaudiologia\">Fonoaudiologia<\/option>\r\n           <option value=\"Gen\u00e9tica\">Gen\u00e9tica<\/option>\r\n           <option value=\"Ondontologia\">Ondontologia<\/option>\r\n           <option value=\"Outra\">Outra<\/option>\r\n           <option value=\"Psicologia\">Psicologia<\/option>\r\n           <option value=\"Qu\u00edmica\">Qu\u00edmica<\/option>\r\n           <option value=\"Sa\u00fade coletiva\">Sa\u00fade coletiva<\/option>\r\n           <option value=\"Fisiologia\">Fisiologia<\/option>\r\n           <option value=\"Fisioterapia\">Fisioterapia<\/option>\r\n           <option value=\"Administra\u00e7\u00e3o\">Administra\u00e7\u00e3o<\/option>\r\n           <option value=\"Administra\u00e7\u00e3o hoispitalar\">Administra\u00e7\u00e3o hoispitalar<\/option>\r\n           <option value=\"Enfermagem\">Enfermagem<\/option>\r\n           <option value=\"Farm\u00e1cia\">Farm\u00e1cia<\/option>\r\n           <option value=\"Biblioteconomia\">Biblioteconomia<\/option>\r\n           <option value=\"Biologia Geral\">Biologia Geral<\/option>\r\n           <option value=\"Biomedicina\">Biomedicina<\/option>\r\n           <option value=\"Bioqu\u00edmica\">Bioqu\u00edmica<\/option>\r\n           <option value=\"Ci\u00eancia da Informa\u00e7\u00e3o\">Ci\u00eancia da Informa\u00e7\u00e3o<\/option>\r\n           <option value=\"Ci\u00eancias\">Ci\u00eancias<\/option>\r\n           <option value=\"Direito\">Direito<\/option>\r\n           <option value=\"Ecologia\">Ecologia<\/option>\r\n           <option value=\"Eduaca\u00e7\u00e3o F\u00edsica\">Eduaca\u00e7\u00e3o F\u00edsica<\/option>\r\n       <\/select>\r\n       <div class=\"field-error\" id=\"llerror113130\"><\/div>\r\n   <\/div>\r\n   <div class=\"button-bar\">\r\n       <button  type=\"submit\">Inscrever<\/button>\r\n   <\/div>\r\n   <div class=\"loading-box\">\r\n       <img decoding=\"async\" data-src=\"\/\/paginas.rocks\/content\/images\/spinner.gif\" src=\"data:image\/svg+xml;base64,PHN2ZyB3aWR0aD0iMSIgaGVpZ2h0PSIxIiB4bWxucz0iaHR0cDovL3d3dy53My5vcmcvMjAwMC9zdmciPjwvc3ZnPg==\" class=\"lazyload\" \/>\r\n       <div>loading...<\/div>\r\n   <\/div>\r\n   <div class=\"error-box\">\r\n       <img decoding=\"async\" data-src=\"\/\/paginas.rocks\/content\/images\/error-icon.png\" src=\"data:image\/svg+xml;base64,PHN2ZyB3aWR0aD0iMSIgaGVpZ2h0PSIxIiB4bWxucz0iaHR0cDovL3d3dy53My5vcmcvMjAwMC9zdmciPjwvc3ZnPg==\" class=\"lazyload\" \/>\r\n       <div><\/div>\r\n       <button type=\"button\" class=\"btn\" id=\"btn-error\">Ok<\/button>\r\n   <\/div>\r\n   <img decoding=\"async\" src=\"https:\/\/llimages.com\/redirect\/redirect.aspx?A=V&f=76188&m=772401\" style=\"display: none;\" \/>\r\n<\/form>\r\n\r\n<script type=\"text\/javascript\" src=\"\/\/paginas.rocks\/scripts\/capture\/capture.js\"><\/script>\t\t\t\t<\/div>\n\t\t\t\t<\/div>\n\t\t\t\t\t<\/div>\n\t\t\t\t<\/div>\n\t\t\t\t\t<\/div>\n\t\t\t\t<\/div>\n\t\t<div class=\"elementor-element elementor-element-9ca8dad e-flex e-con-boxed e-con e-parent\" data-id=\"9ca8dad\" data-element_type=\"container\" data-e-type=\"container\">\n\t\t\t\t\t<div class=\"e-con-inner\">\n\t\t<div class=\"elementor-element elementor-element-5021173 e-con-full e-flex e-con e-child\" data-id=\"5021173\" data-element_type=\"container\" data-e-type=\"container\" data-settings=\"{&quot;background_background&quot;:&quot;classic&quot;}\">\n\t\t<div class=\"elementor-element elementor-element-5bbdefe e-con-full e-flex e-con e-child\" data-id=\"5bbdefe\" data-element_type=\"container\" data-e-type=\"container\" data-settings=\"{&quot;background_background&quot;:&quot;classic&quot;}\">\n\t\t<div class=\"elementor-element elementor-element-04a4401 e-con-full e-flex e-con e-child\" data-id=\"04a4401\" data-element_type=\"container\" data-e-type=\"container\" data-settings=\"{&quot;background_background&quot;:&quot;classic&quot;}\">\n\t\t\t\t<div class=\"elementor-element elementor-element-d2d09b1 elementor-widget elementor-widget-heading\" data-id=\"d2d09b1\" data-element_type=\"widget\" data-e-type=\"widget\" data-widget_type=\"heading.default\">\n\t\t\t\t\t<h2 class=\"elementor-heading-title elementor-size-default\">O c\u00e2ncer n\u00e3o espera,<\/h2>\t\t\t\t<\/div>\n\t\t\t\t<div class=\"elementor-element elementor-element-3f9f87d elementor-widget elementor-widget-heading\" data-id=\"3f9f87d\" data-element_type=\"widget\" data-e-type=\"widget\" data-widget_type=\"heading.default\">\n\t\t\t\t\t<h2 class=\"elementor-heading-title elementor-size-default\"><span style=\"color: #9FC422\">e sua carreira tamb\u00e9m n\u00e3o deveria.<\/span><\/h2>\t\t\t\t<\/div>\n\t\t\t\t<div class=\"elementor-element elementor-element-ff68ee2 elementor-widget elementor-widget-heading\" data-id=\"ff68ee2\" data-element_type=\"widget\" data-e-type=\"widget\" data-widget_type=\"heading.default\">\n\t\t\t\t\t<h2 class=\"elementor-heading-title elementor-size-default\">A demanda por especialistas em Oncologia cresce a cada dia. D\u00ea o primeiro passo para se tornar refer\u00eancia sem risco nenhum.\n\n<\/h2>\t\t\t\t<\/div>\n\t\t\t\t<div class=\"elementor-element elementor-element-1f0b077 elementor-button-success elementor-align-center elementor-widget elementor-widget-button\" data-id=\"1f0b077\" data-element_type=\"widget\" data-e-type=\"widget\" data-widget_type=\"button.default\">\n\t\t\t\t\t\t\t\t\t\t<a class=\"elementor-button elementor-button-link elementor-size-sm\" href=\"https:\/\/api.whatsapp.com\/send?phone=5532988931483&#038;text=Quero%20me%20especializar%20em%20oncologia!\" target=\"_blank\">\n\t\t\t\t\t\t<span class=\"elementor-button-content-wrapper\">\n\t\t\t\t\t\t<span class=\"elementor-button-icon\">\n\t\t\t\t<svg aria-hidden=\"true\" class=\"e-font-icon-svg e-fab-whatsapp\" viewBox=\"0 0 448 512\" xmlns=\"http:\/\/www.w3.org\/2000\/svg\"><path d=\"M380.9 97.1C339 55.1 283.2 32 223.9 32c-122.4 0-222 99.6-222 222 0 39.1 10.2 77.3 29.6 111L0 480l117.7-30.9c32.4 17.7 68.9 27 106.1 27h.1c122.3 0 224.1-99.6 224.1-222 0-59.3-25.2-115-67.1-157zm-157 341.6c-33.2 0-65.7-8.9-94-25.7l-6.7-4-69.8 18.3L72 359.2l-4.4-7c-18.5-29.4-28.2-63.3-28.2-98.2 0-101.7 82.8-184.5 184.6-184.5 49.3 0 95.6 19.2 130.4 54.1 34.8 34.9 56.2 81.2 56.1 130.5 0 101.8-84.9 184.6-186.6 184.6zm101.2-138.2c-5.5-2.8-32.8-16.2-37.9-18-5.1-1.9-8.8-2.8-12.5 2.8-3.7 5.6-14.3 18-17.6 21.8-3.2 3.7-6.5 4.2-12 1.4-32.6-16.3-54-29.1-75.5-66-5.7-9.8 5.7-9.1 16.3-30.3 1.8-3.7.9-6.9-.5-9.7-1.4-2.8-12.5-30.1-17.1-41.2-4.5-10.8-9.1-9.3-12.5-9.5-3.2-.2-6.9-.2-10.6-.2-3.7 0-9.7 1.4-14.8 6.9-5.1 5.6-19.4 19-19.4 46.3 0 27.3 19.9 53.7 22.6 57.4 2.8 3.7 39.1 59.7 94.8 83.8 35.2 15.2 49 16.5 66.6 13.9 10.7-1.6 32.8-13.4 37.4-26.4 4.6-13 4.6-24.1 3.2-26.4-1.3-2.5-5-3.9-10.5-6.6z\"><\/path><\/svg>\t\t\t<\/span>\n\t\t\t\t\t\t\t\t\t<span class=\"elementor-button-text\">QUERO ME ESPECIALIZAR EM ONCOLOGIA<\/span>\n\t\t\t\t\t<\/span>\n\t\t\t\t\t<\/a>\n\t\t\t\t\t\t\t\t<\/div>\n\t\t\t\t<\/div>\n\t\t\t\t<\/div>\n\t\t\t\t<\/div>\n\t\t\t\t\t<\/div>\n\t\t\t\t<\/div>\n\t\t<div class=\"elementor-element elementor-element-ec47906 e-flex e-con-boxed e-con e-parent\" data-id=\"ec47906\" data-element_type=\"container\" data-e-type=\"container\">\n\t\t\t\t\t<div class=\"e-con-inner\">\n\t\t<div class=\"elementor-element elementor-element-2990903 e-con-full e-flex e-con e-child\" data-id=\"2990903\" data-element_type=\"container\" data-e-type=\"container\">\n\t\t<div class=\"elementor-element elementor-element-995bd02 e-con-full e-flex e-con e-child\" data-id=\"995bd02\" data-element_type=\"container\" data-e-type=\"container\">\n\t\t<div class=\"elementor-element elementor-element-545541c e-con-full e-flex e-con e-child\" data-id=\"545541c\" data-element_type=\"container\" data-e-type=\"container\">\n\t\t\t\t<\/div>\n\t\t<div class=\"elementor-element elementor-element-46b17f1 e-con-full e-flex e-con e-child\" data-id=\"46b17f1\" data-element_type=\"container\" data-e-type=\"container\">\n\t\t\t\t<div class=\"elementor-element elementor-element-7a7826d elementor-widget elementor-widget-image\" data-id=\"7a7826d\" data-element_type=\"widget\" data-e-type=\"widget\" data-widget_type=\"image.default\">\n\t\t\t\t\t\t\t\t\t\t\t\t\t\t\t<img fetchpriority=\"high\" decoding=\"async\" width=\"800\" height=\"288\" src=\"https:\/\/unisa.vitalknowledge.com.br\/lp\/wp-content\/uploads\/2025\/12\/Logo-conjunta-1024x368.png\" class=\"attachment-large size-large wp-image-1414\" alt=\"\" srcset=\"https:\/\/unisa.vitalknowledge.com.br\/lp\/wp-content\/uploads\/2025\/12\/Logo-conjunta-1024x368.png 1024w, https:\/\/unisa.vitalknowledge.com.br\/lp\/wp-content\/uploads\/2025\/12\/Logo-conjunta-300x108.png 300w, https:\/\/unisa.vitalknowledge.com.br\/lp\/wp-content\/uploads\/2025\/12\/Logo-conjunta-768x276.png 768w, https:\/\/unisa.vitalknowledge.com.br\/lp\/wp-content\/uploads\/2025\/12\/Logo-conjunta.png 1080w\" sizes=\"(max-width: 800px) 100vw, 800px\" \/>\t\t\t\t\t\t\t\t\t\t\t\t\t\t\t<\/div>\n\t\t\t\t<\/div>\n\t\t<div class=\"elementor-element elementor-element-830db57 e-con-full e-flex e-con e-child\" data-id=\"830db57\" data-element_type=\"container\" data-e-type=\"container\">\n\t\t\t\t<\/div>\n\t\t\t\t<\/div>\n\t\t\t\t<\/div>\n\t\t\t\t\t<\/div>\n\t\t\t\t<\/div>\n\t\t\t\t<\/div>\n\t\t","protected":false},"excerpt":{"rendered":"<p>Inscri\u00e7\u00f5es abertas Carreira em Oncologia: Reflex\u00f5es sobre valores e perspectivas Dia: 05\/02 as 18:30 Reflex\u00f5es para Profissionais da Sa\u00fade que Desejam se Especializar em Oncologia \u201cVoc\u00ea j\u00e1 parou para pensar se a sua carreira hoje expressa, de fato, aquilo que voc\u00ea acredita como profissional de sa\u00fade?\u201d \u201cCuidar de pessoas em momentos cr\u00edticos da vida exige [&hellip;]<\/p>\n","protected":false},"author":1,"featured_media":0,"parent":0,"menu_order":0,"comment_status":"closed","ping_status":"closed","template":"elementor_canvas","meta":{"footnotes":""},"class_list":["post-1922","page","type-page","status-publish","hentry"],"_links":{"self":[{"href":"https:\/\/unisa.vitalknowledge.com.br\/lp\/wp-json\/wp\/v2\/pages\/1922","targetHints":{"allow":["GET"]}}],"collection":[{"href":"https:\/\/unisa.vitalknowledge.com.br\/lp\/wp-json\/wp\/v2\/pages"}],"about":[{"href":"https:\/\/unisa.vitalknowledge.com.br\/lp\/wp-json\/wp\/v2\/types\/page"}],"author":[{"embeddable":true,"href":"https:\/\/unisa.vitalknowledge.com.br\/lp\/wp-json\/wp\/v2\/users\/1"}],"replies":[{"embeddable":true,"href":"https:\/\/unisa.vitalknowledge.com.br\/lp\/wp-json\/wp\/v2\/comments?post=1922"}],"version-history":[{"count":16,"href":"https:\/\/unisa.vitalknowledge.com.br\/lp\/wp-json\/wp\/v2\/pages\/1922\/revisions"}],"predecessor-version":[{"id":1953,"href":"https:\/\/unisa.vitalknowledge.com.br\/lp\/wp-json\/wp\/v2\/pages\/1922\/revisions\/1953"}],"wp:attachment":[{"href":"https:\/\/unisa.vitalknowledge.com.br\/lp\/wp-json\/wp\/v2\/media?parent=1922"}],"curies":[{"name":"wp","href":"https:\/\/api.w.org\/{rel}","templated":true}]}}